{"id":845,"date":"2016-04-27T10:04:28","date_gmt":"2016-04-27T10:04:28","guid":{"rendered":"https:\/\/www.peradejordi.com\/es\/?page_id=845"},"modified":"2024-01-16T15:40:55","modified_gmt":"2024-01-16T15:40:55","slug":"formacion-practica-presencial-y-formacion-online","status":"publish","type":"page","link":"https:\/\/peradejordi.com\/es\/servicios\/formacion-practica-presencial-y-formacion-online\/","title":{"rendered":"Formaci\u00f3n pr\u00e1ctica presencial y formaci\u00f3n online"},"content":{"rendered":"","protected":false},"excerpt":{"rendered":"","protected":false},"author":9,"featured_media":0,"parent":9,"menu_order":0,"comment_status":"closed","ping_status":"closed","template":"","meta":{"_monsterinsights_skip_tracking":false,"_monsterinsights_sitenote_active":false,"_monsterinsights_sitenote_note":"","_monsterinsights_sitenote_category":0,"_joinchat":[],"footnotes":""},"class_list":["post-845","page","type-page","status-publish","hentry"],"_links":{"self":[{"href":"https:\/\/peradejordi.com\/es\/wp-json\/wp\/v2\/pages\/845","targetHints":{"allow":["GET"]}}],"collection":[{"href":"https:\/\/peradejordi.com\/es\/wp-json\/wp\/v2\/pages"}],"about":[{"href":"https:\/\/peradejordi.com\/es\/wp-json\/wp\/v2\/types\/page"}],"author":[{"embeddable":true,"href":"https:\/\/peradejordi.com\/es\/wp-json\/wp\/v2\/users\/9"}],"replies":[{"embeddable":true,"href":"https:\/\/peradejordi.com\/es\/wp-json\/wp\/v2\/comments?post=845"}],"version-history":[{"count":3,"href":"https:\/\/peradejordi.com\/es\/wp-json\/wp\/v2\/pages\/845\/revisions"}],"predecessor-version":[{"id":3496,"href":"https:\/\/peradejordi.com\/es\/wp-json\/wp\/v2\/pages\/845\/revisions\/3496"}],"up":[{"embeddable":true,"href":"https:\/\/peradejordi.com\/es\/wp-json\/wp\/v2\/pages\/9"}],"wp:attachment":[{"href":"https:\/\/peradejordi.com\/es\/wp-json\/wp\/v2\/media?parent=845"}],"curies":[{"name":"wp","href":"https:\/\/api.w.org\/{rel}","templated":true}]}}