{"id":844,"date":"2016-04-27T10:04:17","date_gmt":"2016-04-27T10:04:17","guid":{"rendered":"https:\/\/www.peradejordi.com\/es\/?page_id=844"},"modified":"2022-09-01T14:16:46","modified_gmt":"2022-09-01T14:16:46","slug":"reconocimientos-para-el-carnet-de-conducir-patron-de-embarcaciones-y-otros","status":"publish","type":"page","link":"https:\/\/peradejordi.com\/es\/servicios\/reconocimientos-para-el-carnet-de-conducir-patron-de-embarcaciones-y-otros\/","title":{"rendered":"Renovaci\u00f3n carnet de conducir, patr\u00f3n de embarcaciones y otros"},"content":{"rendered":"","protected":false},"excerpt":{"rendered":"<p>Reconocimiento m\u00e9dico para renovar\/obtener el carnet de conducir, patr\u00f3n de embarcaciones, vigilantes de seguridad, gruistas, animales peligrosos, armas&#8230;<\/p>\n","protected":false},"author":9,"featured_media":0,"parent":9,"menu_order":0,"comment_status":"closed","ping_status":"closed","template":"","meta":{"_monsterinsights_skip_tracking":false,"_monsterinsights_sitenote_active":false,"_monsterinsights_sitenote_note":"","_monsterinsights_sitenote_category":0,"_joinchat":[],"footnotes":""},"class_list":["post-844","page","type-page","status-publish","hentry"],"_links":{"self":[{"href":"https:\/\/peradejordi.com\/es\/wp-json\/wp\/v2\/pages\/844","targetHints":{"allow":["GET"]}}],"collection":[{"href":"https:\/\/peradejordi.com\/es\/wp-json\/wp\/v2\/pages"}],"about":[{"href":"https:\/\/peradejordi.com\/es\/wp-json\/wp\/v2\/types\/page"}],"author":[{"embeddable":true,"href":"https:\/\/peradejordi.com\/es\/wp-json\/wp\/v2\/users\/9"}],"replies":[{"embeddable":true,"href":"https:\/\/peradejordi.com\/es\/wp-json\/wp\/v2\/comments?post=844"}],"version-history":[{"count":6,"href":"https:\/\/peradejordi.com\/es\/wp-json\/wp\/v2\/pages\/844\/revisions"}],"predecessor-version":[{"id":6016,"href":"https:\/\/peradejordi.com\/es\/wp-json\/wp\/v2\/pages\/844\/revisions\/6016"}],"up":[{"embeddable":true,"href":"https:\/\/peradejordi.com\/es\/wp-json\/wp\/v2\/pages\/9"}],"wp:attachment":[{"href":"https:\/\/peradejordi.com\/es\/wp-json\/wp\/v2\/media?parent=844"}],"curies":[{"name":"wp","href":"https:\/\/api.w.org\/{rel}","templated":true}]}}