{"id":827,"date":"2016-04-27T10:00:13","date_gmt":"2016-04-27T10:00:13","guid":{"rendered":"https:\/\/www.peradejordi.com\/es\/?page_id=827"},"modified":"2022-10-26T08:36:24","modified_gmt":"2022-10-26T08:36:24","slug":"simulaciones-de-incendio-humo-temperaturas","status":"publish","type":"page","link":"https:\/\/peradejordi.com\/es\/servicios\/simulaciones-de-incendio-humo-temperaturas\/","title":{"rendered":"Simulaciones de incendio, humo y temperaturas"},"content":{"rendered":"","protected":false},"excerpt":{"rendered":"<p>Se realizan estudios parciales o integrales de los proyectos de seguridad contra incendios mediante dise\u00f1o prestacional, as\u00ed como el estudio del comportamiento de los materiales ante un incendio seg\u00fan la configuraci\u00f3n estructural mediante simulaciones reconocidas internacionalmente (NIST-FDS). El dise\u00f1o basado en prestaciones permite obtener soluciones alternativas seguras para establecimientos industriales y edificaciones no industriales.<\/p>\n","protected":false},"author":9,"featured_media":0,"parent":9,"menu_order":0,"comment_status":"closed","ping_status":"closed","template":"","meta":{"_monsterinsights_skip_tracking":false,"_monsterinsights_sitenote_active":false,"_monsterinsights_sitenote_note":"","_monsterinsights_sitenote_category":0,"_joinchat":[],"footnotes":""},"class_list":["post-827","page","type-page","status-publish","hentry"],"_links":{"self":[{"href":"https:\/\/peradejordi.com\/es\/wp-json\/wp\/v2\/pages\/827","targetHints":{"allow":["GET"]}}],"collection":[{"href":"https:\/\/peradejordi.com\/es\/wp-json\/wp\/v2\/pages"}],"about":[{"href":"https:\/\/peradejordi.com\/es\/wp-json\/wp\/v2\/types\/page"}],"author":[{"embeddable":true,"href":"https:\/\/peradejordi.com\/es\/wp-json\/wp\/v2\/users\/9"}],"replies":[{"embeddable":true,"href":"https:\/\/peradejordi.com\/es\/wp-json\/wp\/v2\/comments?post=827"}],"version-history":[{"count":4,"href":"https:\/\/peradejordi.com\/es\/wp-json\/wp\/v2\/pages\/827\/revisions"}],"predecessor-version":[{"id":5948,"href":"https:\/\/peradejordi.com\/es\/wp-json\/wp\/v2\/pages\/827\/revisions\/5948"}],"up":[{"embeddable":true,"href":"https:\/\/peradejordi.com\/es\/wp-json\/wp\/v2\/pages\/9"}],"wp:attachment":[{"href":"https:\/\/peradejordi.com\/es\/wp-json\/wp\/v2\/media?parent=827"}],"curies":[{"name":"wp","href":"https:\/\/api.w.org\/{rel}","templated":true}]}}