{"id":818,"date":"2016-04-27T09:57:00","date_gmt":"2016-04-27T09:57:00","guid":{"rendered":"https:\/\/www.peradejordi.com\/es\/?page_id=818"},"modified":"2025-09-12T08:22:05","modified_gmt":"2025-09-12T08:22:05","slug":"simulaciones-de-evacuacion","status":"publish","type":"page","link":"https:\/\/peradejordi.com\/es\/servicios\/simulaciones-de-evacuacion\/","title":{"rendered":"Simulaciones de evacuaci\u00f3n"},"content":{"rendered":"","protected":false},"excerpt":{"rendered":"<p>Realizamos el estudio integral de la eficacia y del tiempo de recorrido de evacuaci\u00f3n hasta salidas seguras, adem\u00e1s del estudio integral de movilidad de \u00e1reas para personas y veh\u00edculos. Todo esto mediante simulaciones reconocidas internacionalmente en cumplimiento de los requerimientos legales en dise\u00f1o prestacional. El dise\u00f1o basado en prestaciones permite garantizar la seguridad de las personas en edificaciones y recintos con configuraciones de gran complejidad.<\/p>\n","protected":false},"author":9,"featured_media":0,"parent":9,"menu_order":0,"comment_status":"closed","ping_status":"closed","template":"","meta":{"_monsterinsights_skip_tracking":false,"_monsterinsights_sitenote_active":false,"_monsterinsights_sitenote_note":"","_monsterinsights_sitenote_category":0,"_joinchat":[],"footnotes":""},"class_list":["post-818","page","type-page","status-publish","hentry"],"_links":{"self":[{"href":"https:\/\/peradejordi.com\/es\/wp-json\/wp\/v2\/pages\/818","targetHints":{"allow":["GET"]}}],"collection":[{"href":"https:\/\/peradejordi.com\/es\/wp-json\/wp\/v2\/pages"}],"about":[{"href":"https:\/\/peradejordi.com\/es\/wp-json\/wp\/v2\/types\/page"}],"author":[{"embeddable":true,"href":"https:\/\/peradejordi.com\/es\/wp-json\/wp\/v2\/users\/9"}],"replies":[{"embeddable":true,"href":"https:\/\/peradejordi.com\/es\/wp-json\/wp\/v2\/comments?post=818"}],"version-history":[{"count":5,"href":"https:\/\/peradejordi.com\/es\/wp-json\/wp\/v2\/pages\/818\/revisions"}],"predecessor-version":[{"id":6010,"href":"https:\/\/peradejordi.com\/es\/wp-json\/wp\/v2\/pages\/818\/revisions\/6010"}],"up":[{"embeddable":true,"href":"https:\/\/peradejordi.com\/es\/wp-json\/wp\/v2\/pages\/9"}],"wp:attachment":[{"href":"https:\/\/peradejordi.com\/es\/wp-json\/wp\/v2\/media?parent=818"}],"curies":[{"name":"wp","href":"https:\/\/api.w.org\/{rel}","templated":true}]}}