{"id":773,"date":"2016-04-27T09:37:43","date_gmt":"2016-04-27T09:37:43","guid":{"rendered":"https:\/\/www.peradejordi.com\/es\/?page_id=773"},"modified":"2025-01-09T07:25:21","modified_gmt":"2025-01-09T07:25:21","slug":"servicios-de-la-salud","status":"publish","type":"page","link":"https:\/\/peradejordi.com\/es\/servicios\/servicios-de-la-salud\/","title":{"rendered":"Servicios de la salud"},"content":{"rendered":"<p>&nbsp;<\/p>\n<p style=\"text-align: center;\"><img loading=\"lazy\" decoding=\"async\" class=\"alignnone wp-image-2975 size-full\" src=\"https:\/\/peradejordi.com\/wp-content\/uploads\/2019\/04\/400-Pj-Salut-Fisioper.png\" alt=\"\" width=\"400\" height=\"116\" srcset=\"https:\/\/peradejordi.com\/wp-content\/uploads\/2019\/04\/400-Pj-Salut-Fisioper.png 400w, https:\/\/peradejordi.com\/wp-content\/uploads\/2019\/04\/400-Pj-Salut-Fisioper-300x87.png 300w, https:\/\/peradejordi.com\/wp-content\/uploads\/2019\/04\/400-Pj-Salut-Fisioper-260x75.png 260w, https:\/\/peradejordi.com\/wp-content\/uploads\/2019\/04\/400-Pj-Salut-Fisioper-50x15.png 50w, https:\/\/peradejordi.com\/wp-content\/uploads\/2019\/04\/400-Pj-Salut-Fisioper-150x44.png 150w\" sizes=\"auto, (max-width:767px) 400px, 400px\" \/><\/p>\n","protected":false},"excerpt":{"rendered":"<p>Reconocimientos m\u00e9dicos del trabajo y vigilancia de la salud. Reconocimientos m\u00e9dicos deportivos y para carnet de conducir, n\u00e1utica, animales peligrosos, armas\u2026 Servicios de fisioterapia. Preparaci\u00f3n f\u00edsica deportiva. Pruebas de esfuerzo. Reducci\u00f3n del estr\u00e9s \/ t\u00e9cnicas de relajaci\u00f3n<\/p>\n","protected":false},"author":9,"featured_media":0,"parent":9,"menu_order":4,"comment_status":"closed","ping_status":"closed","template":"","meta":{"_monsterinsights_skip_tracking":false,"_monsterinsights_sitenote_active":false,"_monsterinsights_sitenote_note":"","_monsterinsights_sitenote_category":0,"_joinchat":[],"footnotes":""},"class_list":["post-773","page","type-page","status-publish","hentry"],"_links":{"self":[{"href":"https:\/\/peradejordi.com\/es\/wp-json\/wp\/v2\/pages\/773","targetHints":{"allow":["GET"]}}],"collection":[{"href":"https:\/\/peradejordi.com\/es\/wp-json\/wp\/v2\/pages"}],"about":[{"href":"https:\/\/peradejordi.com\/es\/wp-json\/wp\/v2\/types\/page"}],"author":[{"embeddable":true,"href":"https:\/\/peradejordi.com\/es\/wp-json\/wp\/v2\/users\/9"}],"replies":[{"embeddable":true,"href":"https:\/\/peradejordi.com\/es\/wp-json\/wp\/v2\/comments?post=773"}],"version-history":[{"count":8,"href":"https:\/\/peradejordi.com\/es\/wp-json\/wp\/v2\/pages\/773\/revisions"}],"predecessor-version":[{"id":6017,"href":"https:\/\/peradejordi.com\/es\/wp-json\/wp\/v2\/pages\/773\/revisions\/6017"}],"up":[{"embeddable":true,"href":"https:\/\/peradejordi.com\/es\/wp-json\/wp\/v2\/pages\/9"}],"wp:attachment":[{"href":"https:\/\/peradejordi.com\/es\/wp-json\/wp\/v2\/media?parent=773"}],"curies":[{"name":"wp","href":"https:\/\/api.w.org\/{rel}","templated":true}]}}