{"id":5957,"date":"2022-03-24T19:05:14","date_gmt":"2022-03-24T19:05:14","guid":{"rendered":"https:\/\/peradejordi.com\/?page_id=5957"},"modified":"2025-05-13T13:38:33","modified_gmt":"2025-05-13T13:38:33","slug":"politica-de-privacidad","status":"publish","type":"page","link":"https:\/\/peradejordi.com\/es\/politica-de-privacidad\/","title":{"rendered":"Pol\u00edtica de privacidad"},"content":{"rendered":"<h3><strong>Introducci\u00f3n<\/strong><\/h3>\n<p>Su privacidad es importante para nosotros, as\u00ed que, mediante este documento, le explicamos qu\u00e9 datos recogemos de los usuarios, c\u00f3mo los utilizamos y para qu\u00e9, entre otras indicaciones. Los mayores de 14 a\u00f1os podr\u00e1n registrarse como usuarios sin el previo consentimiento de sus padres, tutores o representantes legales. En caso de menores de 14 a\u00f1os o identificados como \u00abincapaces legalmente\u00bb, siempre necesitaremos del consentimiento paterno, o del tutor \/ a o representante legal.<\/p>\n<p>Para su informaci\u00f3n, nunca pediremos m\u00e1s informaci\u00f3n de la que realmente necesitaremos para los servicios requeridos; nunca la compartiremos con terceros, excepto por obligaci\u00f3n legal o con su autorizaci\u00f3n previa; y nunca utilizaremos sus datos para otra finalidad no indicada previamente.<\/p>\n<p>Como Usuario, deber\u00e1 leer atentamente esta Pol\u00edtica de Privacidad de manera regular y siempre que introduzca sus datos personales, ya que \u00e9sta puede verse modificada. El prestador tiene facultad para realizar cambios en la informaci\u00f3n contenida en la web con el objetivo de cumplir con la normativa o actualizar la presente Pol\u00edtica. El prestador no tiene obligaci\u00f3n de preavisar a los Usuarios sobre los cambios realizados, siendo suficiente su publicaci\u00f3n en el sitio web.<\/p>\n<h3><strong>Responsable del tratamiento<\/strong><\/h3>\n<p>Identidad:<strong>\u00a0<\/strong><strong>PERADEJORDI PROYECTOS E INFORMES, S.L. <\/strong>(tambi\u00e9n el prestador)<br \/>\nNIF:<strong> B60486628<\/strong><br \/>\nDirecci\u00f3n postal:<strong>\u00a0C\/ Jaume Vicens Vives, 11, local, 08302, Matar\u00f3, Barcelona\u00a0\u00a0 <\/strong><br \/>\nCorreo electr\u00f3nico:<strong>\u00a0<\/strong><strong>lopd@peradejordi.com<\/strong><br \/>\n<strong>Delegado de Protecci\u00f3n de Datos:\u00a0<\/strong><strong>lopd@peradejordi.com<\/strong><\/p>\n<p><strong>PERADEJORDI PROYECTOS E INFORMES, S.L.<\/strong>, como responsable del sitio web de conformidad con lo dispuesto en el Reglamento (UE) 2016\/679 de 27 de abril de 2016 (RGPD) relativo a la protecci\u00f3n de las personas f\u00edsicas en lo que respecta al tratamiento de datos personales y a la libre circulaci\u00f3n de estos datos y dem\u00e1s normativa vigente en materia de protecci\u00f3n de datos personales, y con la Ley 34\/2002, de 11 de julio, de Servicios de la Sociedad de la Informaci\u00f3n y del Comercio Electr\u00f3nico (LSSICE), le informa que tiene implementadas las medidas de seguridad necesarias, de \u00edndole t\u00e9cnica y organizativas, para garantizar y proteger la confidencialidad, integridad y disponibilidad de los datos introducidos.<\/p>\n<p><strong>M\u00e9todos de obtenci\u00f3n de los datos, qu\u00e9 datos recabamos y su finalidad<\/strong><\/p>\n<p>Los datos que recogemos, la forma en que los obtenemos y la finalidad del tratamiento es la siguiente:<\/p>\n<ol>\n<li><strong>Formulario de contacto y\/o requerimiento de informaci\u00f3n:<\/strong>\n<ul>\n<li>Datos requeridos: nombre y apellidos, mail, tel\u00e9fono;<\/li>\n<li>Finalidad: para responder a las consultas y\/o proporcionar informaciones requeridas por el Usuario;<\/li>\n<li>Legitimaci\u00f3n: consentimiento del Usuario.<\/li>\n<\/ul>\n<\/li>\n<li><strong>Formulario de registro<\/strong>:\n<ul>\n<li>Datos requeridos: nombre, mail;<\/li>\n<li>Finalidad: para la creaci\u00f3n de una cuenta de Usuario y poder acceder a las funcionalidades de la web;<\/li>\n<li>Legitimaci\u00f3n: consentimiento del Usuario.<\/li>\n<\/ul>\n<\/li>\n<li><strong>Formulario de solicitud de presupuesto:<\/strong>\n<ul>\n<li>Datos requeridos: nombre, mail, tel\u00e9fono, direcci\u00f3n, empresa;<\/li>\n<li>Finalidad: enviar al Usuario el presupuesto solicitado;<\/li>\n<li>Legitimaci\u00f3n: consentimiento del interesado.<\/li>\n<\/ul>\n<\/li>\n<li><strong>Formulario de suscripci\u00f3n a la newsletter<\/strong>:\n<ul>\n<li>Datos requeridos: mail;<\/li>\n<li>Finalidad: enviar al Usuario informaci\u00f3n comercial de su inter\u00e9s sobre nuestros productos y\/o servicios a trav\u00e9s del mail, SMS, comunidades sociales o cualquier otro medio electr\u00f3nico o f\u00edsico, en caso de que el Usuario lo haya consentido expresamente;<\/li>\n<li>Legitimaci\u00f3n: consentimiento del Usuario.<\/li>\n<\/ul>\n<\/li>\n<li><strong>Si contrata el servicio <\/strong>a trav\u00e9s de nuestra p\u00e1gina web:\n<ul>\n<li>Datos requeridos: nombre y apellidos, direcci\u00f3n, email, tel\u00e9fono, empresa e informaci\u00f3n sobre una tarjeta de cr\u00e9dito o de d\u00e9bito;<\/li>\n<li>Finalidad: contrataci\u00f3n de nuestro servicio;<\/li>\n<li>Legitimaci\u00f3n: consentimiento del Usuario.<\/li>\n<\/ul>\n<\/li>\n<li><strong>Llevar a cabo la relaci\u00f3n contractual y las gestiones administrativas, fiscales y contables <\/strong>an\u00e1logas y que sean necesarias virtud de la legislaci\u00f3n vigente\n<ul>\n<li>Datos requeridos: nombre y apellidos, tel\u00e9fono, direcci\u00f3n, DNI, email, datos salud, firma;<\/li>\n<li>Finalidad: llevar a cabo la gesti\u00f3n comercial fiscal y administrativa interna;<\/li>\n<li>Legitimaci\u00f3n: consentimiento del interesado y relaci\u00f3n contractual.<\/li>\n<\/ul>\n<\/li>\n<li><strong>WhatsApp<\/strong>: en el apartado WhatsApp de la presente pol\u00edtica se detalla su uso.<\/li>\n<\/ol>\n<p>Las fotograf\u00edas que est\u00e9n colgadas en la web son propiedad de <strong>PERADEJORDI PROYECTOS E INFORMES, S.L.<\/strong><\/p>\n<p>Puede revocar en cualquier momento su consentimiento remitiendo un escrito con el asunto \u00abBaja\u00bb en el mail rese\u00f1ado.<\/p>\n<p>De acuerdo con la LSSICE, <strong>PERADEJORDI PROYECTOS E INFORMES, S.L.<\/strong> no realiza pr\u00e1cticas de SPAM, por lo tanto, no env\u00eda comunicaciones comerciales por correo electr\u00f3nico que no hayan sido previamente solicitados o autorizados por el Usuario. En consecuencia, en todas las comunicaciones que recibir\u00e1 del prestador, el Usuario tiene la posibilidad de revocar su consentimiento expreso para recibir nuestras comunicaciones.<\/p>\n<p>No trataremos sus datos personales para ning\u00fan otro fin de los descritos, excepto por obligaci\u00f3n legal o requerimiento judicial.<\/p>\n<p>Sus datos personales no se tratar\u00e1n para la toma de decisiones automatizada.<\/p>\n<h3><strong>Plazo de conservaci\u00f3n de los datos<\/strong><\/h3>\n<p>Sus datos se conservar\u00e1n mientras dure la finalidad para la cual fueron recogidos, por obligaci\u00f3n legal o requerimiento judicial, y mientras no retire su consentimiento o hasta que ejerza su derecho de supresi\u00f3n u oposici\u00f3n, o limitaci\u00f3n al tratamiento. Sin embargo, conservaremos sus datos en los plazos legalmente previstos en las disposiciones aplicables.<\/p>\n<h3><strong>Destinatarios de cesiones o transferencias<\/strong><\/h3>\n<p><strong>PERADEJORDI PROYECTOS E INFORMES, S.L.<\/strong> \u00fanicamente facilitar\u00e1 informaci\u00f3n a las fuerzas y cuerpos de seguridad bajo orden judicial o por obligaci\u00f3n de una norma legal, sin perjuicio de poder bloquear o cancelar su cuenta si puede haber indicios de la comisi\u00f3n de alg\u00fan delito por parte del Usuario. La informaci\u00f3n facilitada ser\u00e1 s\u00f3lo la que disponga en ese momento el prestador.<\/p>\n<p>La informaci\u00f3n que nos proporcione a trav\u00e9s de este sitio web ser\u00e1 alojada en los servidores de <strong>PERADEJORDI PROYECTOS E INFORMES, S.L.<\/strong>, contratados a la empresa que presta el servicio de alojamiento de la web. El tratamiento de los datos de la entidad se encuentra regulado mediante un contrato de encargado del tratamiento entre el prestador y esta empresa.<\/p>\n<p>Asimismo, el prestador utiliza determinadas herramientas para prestar servicios necesarios para el desarrollo de la actividad, pudiendo almacenar sus datos. Estas herramientas son las siguientes:<\/p>\n<p><strong>Google Analytics<\/strong>: para realizar un an\u00e1lisis y m\u00e9trica del uso que los usuarios hacen de la web a trav\u00e9s de las cookies. La informaci\u00f3n que generan y recopilan estas cookies sobre el uso (incluyendo la direcci\u00f3n IP) ser\u00e1 directamente transmitida y archivada por Google, Inc., ubicada en Delaware, 1600 Amphitheatre Parkway, montar\u00e9 View (California), CA 94043 de Estados Unidos (\u00abGoogle\u00bb), en sus servidores de Estados Unidos. Google, Inc. est\u00e1 adherida al Marco de Privacidad UE \u2013 EE. UU., aprobado por la Comisi\u00f3n Europea.<\/p>\n<p><strong>Email Marketing<\/strong>: se utiliza para el servicio de mail marketing The Rocket Science Group LLC, empresa ubicada en EEUU y adherida al Data Privacy Framework.<\/p>\n<h3><strong>Derechos de las personas interesadas:<\/strong><\/h3>\n<p>Como Usuario-Interesado, puede solicitar el ejercicio de los siguientes derechos ante <strong>PERADEJORDI PROYECTOS E INFORMES, S.L. <\/strong>presentando un escrito a la direcci\u00f3n postal del encabezamiento o enviando un correo electr\u00f3nico a lopd@peradejordi.com, indicando como asunto: \u00abPROTECCI\u00d3N DE DATOS: DERECHOS DE LOS AFECTADOS\u201d.<\/p>\n<p>Derechos:<\/p>\n<ul>\n<li><strong>Derecho de acceso:<\/strong> permite al interesado conocer y obtener informaci\u00f3n sobre sus datos de car\u00e1cter personal sometidos a tratamiento.<\/li>\n<li><strong>Derecho de rectificaci\u00f3n<\/strong>: permite corregir errores y modificar los datos que resulten ser inexactos o incompletos<\/li>\n<li><strong>Derecho de supresi\u00f3n<\/strong>: permite que se supriman los datos que sean inadecuados o excesivos<\/li>\n<li><strong>Derecho de oposici\u00f3n<\/strong>: derecho del interesado a que no se lleve a cabo el tratamiento de sus datos de car\u00e1cter personal o se cese el mismo.<\/li>\n<li><strong>Limitaci\u00f3n del tratamiento<\/strong>: conlleva el marcado de los datos personales conservados, con el fin de limitar su futuro tratamiento, para el ejercicio o la defensa de reclamaciones.<\/li>\n<li><strong>Portabilidad de los datos<\/strong>: facilitaci\u00f3n de los datos objeto de tratamiento al interesado, para que \u00e9ste pueda transmitirlos a otro responsable, sin impedimentos.<\/li>\n<li><strong>Derecho a no ser objeto de decisiones individuales automatizadas (incluida la elaboraci\u00f3n de perfiles)<\/strong>: derecho a no ser objeto de una decisi\u00f3n basada en el tratamiento automatizado que produzca efectos o afecte significativamente.<\/li>\n<\/ul>\n<p>Como Usuario, tiene derecho a retirar el consentimiento dado en cualquier momento. La retirada del consentimiento no afectar\u00e1 a la licitud del tratamiento efectuado antes.<\/p>\n<p>Tambi\u00e9n tiene derecho a presentar una reclamaci\u00f3n ante la autoridad de control si considera que pueden haberse visto vulnerados sus derechos en relaci\u00f3n con la protecci\u00f3n de sus datos (aepd.es).<\/p>\n<h3><strong><u>Informaci\u00f3n adicional<\/u><\/strong><\/h3>\n<h3><strong>Medidas de seguridad<\/strong><\/h3>\n<p>Los datos que nos facilite se tratar\u00e1n de forma confidencial. El prestador ha adoptado todas las medidas t\u00e9cnicas y organizativas y todos los niveles de protecci\u00f3n necesarios para garantizar la seguridad en el tratamiento de los datos y evitar su alteraci\u00f3n, p\u00e9rdida, robo, tratamiento o acceso no autorizado, de acuerdo con el estado de la tecnolog\u00eda y naturaleza de los datos almacenados. Asimismo, se garantiza tambi\u00e9n que el tratamiento y registro en ficheros, programas, sistemas o equipos, locales y centros, cumplen con los requisitos y condiciones de integridad y seguridad establecidas en la normativa vigente.<\/p>\n<h3><strong>Idioma<\/strong><\/h3>\n<p>El idioma aplicable a esta pol\u00edtica de privacidad es el castellano. Por tanto, en caso de que hubiera alguna contradicci\u00f3n en alguna de las versiones facilitadas en otros idiomas, prevalecer\u00e1 la versi\u00f3n en castellano.<\/p>\n<h3><strong>Redes sociales<\/strong><\/h3>\n<p>Le informamos que <strong>PERADEJORDI PROYECTOS E INFORMES, S.L.<\/strong> puede tener presencia en redes sociales. El tratamiento de los datos que se lleve a cabo de las personas que se hagan seguidoras en las redes sociales (y\/o realicen cualquier v\u00ednculo o acci\u00f3n de conexi\u00f3n a trav\u00e9s de las redes sociales) de las p\u00e1ginas oficiales de <strong>PERADEJORDI PROYECTOS E INFORMES, S.L. <\/strong>se regir\u00e1 por este apartado, as\u00ed como para aquellas condiciones de uso, pol\u00edticas de privacidad y normativas de acceso que pertenezcan a la red social que proceda en cada caso y aceptadas previamente por el usuario.<\/p>\n<p><strong>PERADEJORDI PROYECTOS E INFORMES, S.L.<\/strong> tratar\u00e1 sus datos con las finalidades de administrar correctamente su presencia en la red social, informando de actividades, productos o servicios del prestador, as\u00ed como para cualquier otra finalidad que las normativas de las Redes Sociales permitan.<\/p>\n<p>Queda prohibida la publicaci\u00f3n de contenidos:<\/p>\n<ul>\n<li>Que sean presuntamente il\u00edcitos por la normativa nacional, comunitaria o internacional o que realicen actividades presuntamente il\u00edcitas o contravengan los principios de la buena fe.<\/li>\n<li>Que atenten contra los derechos fundamentales de las personas, falten a la cortes\u00eda en la red, molesten o puedan generar opiniones negativas en nuestros usuarios o terceros y en general cualesquiera sean los contenidos que PERADEJORDI PROYECTOS E INFORMES, S.L. considere inapropiados.<\/li>\n<li>Y en general que contravengan los principios de legalidad, honradez, responsabilidad, protecci\u00f3n de la dignidad humana, protecci\u00f3n de menores, protecci\u00f3n del orden p\u00fablico, la protecci\u00f3n de la vida privada, la protecci\u00f3n del consumidor y los derechos de propiedad intelectual e industrial.<\/li>\n<\/ul>\n<p>Asimismo, <strong>PERADEJORDI PROYECTOS E INFORMES, S.L.<\/strong> se reserva la potestad de retirar del sitio web o de la red social corporativa, sin previo aviso, aquellos contenidos que se consideran inadecuados.<\/p>\n<p>En todo caso, si Ud. remite informaci\u00f3n personal a trav\u00e9s de la red social, PERADEJORDI PROYECTOS E INFORMES, S.L. quedar\u00e1 exento de responsabilidad en relaci\u00f3n con las medidas de seguridad aplicables a la presente plataforma; y el Usuario, en caso de querer conocerlas, debe consultar las correspondientes condiciones particulares de la red en cuesti\u00f3n.<\/p>\n<h3><strong>WhatsApp<\/strong><\/h3>\n<p>El tratamiento de los datos que se lleven a cabo de las personas que realicen una consulta a trav\u00e9s de WhatsApp de <strong>PERADEJORDI PROYECTOS E INFORMES, S.L. <\/strong>se regir\u00e1 por este apartado, as\u00ed como aquellas condiciones de uso, pol\u00edticas de privacidad y normativas de acceso que pertenezcan a la aplicaci\u00f3n que procedan en cada caso y aceptadas previamente por el usuario. <strong>PERADEJORDI PROYECTOS E INFORMES, S.L.<\/strong> tratar\u00e1 sus datos con la finalidad de administrar correctamente su consulta, as\u00ed como cualquier otra finalidad de la gesti\u00f3n administrativa del servicio. Sus datos se comparten con WhatsApp Ireland Limited, cuyas medidas de seguridad t\u00e9cnicas aseguran la confidencialidad, integridad y disponibilidad de su informaci\u00f3n, seg\u00fan indica su propia pol\u00edtica de privacidad. No se prev\u00e9n m\u00e1s cesiones, salvo por obligaci\u00f3n legal o requerimiento judicial. Tus datos se conservar\u00e1n mientras dure la finalidad para la que se han obtenido y, una vez ya no sean necesarios, se mantendr\u00e1n debidamente bloqueados, archivados y conservados durante el tiempo legalmente establecido. Queda prohibido el uso del WhatsApp de <strong>PERADEJORDI PROYECTOS E INFORMES, S.L.<\/strong> para el env\u00edo de contenidos que no sean los necesarios para la respuesta a la consulta y que sean il\u00edcitos por la normativa nacional o internacional que atente contra los derechos fundamentales de las personas y en general que contravengan los principios de legalidad, honradez, responsabilidad, protecci\u00f3n de la vida privada, la protecci\u00f3n del consumidor y los derechos de propiedad intelectual e industrial.<\/p>\n<h3><strong>Cambios en la presente pol\u00edtica de privacidad<\/strong><\/h3>\n<p><strong>PERADEJORDI PROYECTOS E INFORMES, S.L.<\/strong> se reserva el derecho a modificar la presente pol\u00edtica para adaptarla a novedades legislativas o jurisprudenciales.<\/p>\n<h3><strong>Revocabilidad<\/strong><\/h3>\n<p>El consentimiento prestado, tanto por el tratamiento como para la cesi\u00f3n de los datos de los interesados, es revocable en cualquier momento comunic\u00e1ndolo a <strong>PERADEJORDI PROYECTOS E INFORMES, S.L.<\/strong> en los t\u00e9rminos establecidos en esta Pol\u00edtica para el ejercicio de los derechos. Esta revocaci\u00f3n en ning\u00fan caso tendr\u00e1 car\u00e1cter retroactivo.<\/p>\n<h3><strong>Legislaci\u00f3n<\/strong><\/h3>\n<p>Con car\u00e1cter general las relaciones entre <strong>PERADEJORDI PROYECTOS E INFORMES, S.L.<\/strong> con los Usuarios de sus servicios telem\u00e1ticos, presentes en esta web, est\u00e1n sometidos a la legislaci\u00f3n y jurisdicci\u00f3n espa\u00f1ola a la que se someten expresamente las partes, siendo competentes para la resoluci\u00f3n de todos los conflictos derivados o relacionados con su uso los Juzgados y Tribunales de Matar\u00f3 y en caso de realizar alguna compra o reserva de alguno de los productos ser\u00e1n los Juzgados y Tribunales del domicilio del prestador (si no es considerado como consumidor a efectos del TRLGDCU) o del usuario (si es considerado como a consumidor a efectos del TRLGDCU).<\/p>\n","protected":false},"excerpt":{"rendered":"<p>Introducci\u00f3n Su privacidad es importante para nosotros, as\u00ed que, mediante este documento, le explicamos qu\u00e9 datos recogemos de los usuarios, c\u00f3mo los utilizamos y para qu\u00e9,<span class=\"excerpt-hellip\"> [\u2026]<\/span><\/p>\n","protected":false},"author":9,"featured_media":0,"parent":0,"menu_order":0,"comment_status":"closed","ping_status":"closed","template":"","meta":{"_monsterinsights_skip_tracking":false,"_monsterinsights_sitenote_active":false,"_monsterinsights_sitenote_note":"","_monsterinsights_sitenote_category":0,"_joinchat":[],"footnotes":""},"class_list":["post-5957","page","type-page","status-publish","hentry"],"_links":{"self":[{"href":"https:\/\/peradejordi.com\/es\/wp-json\/wp\/v2\/pages\/5957","targetHints":{"allow":["GET"]}}],"collection":[{"href":"https:\/\/peradejordi.com\/es\/wp-json\/wp\/v2\/pages"}],"about":[{"href":"https:\/\/peradejordi.com\/es\/wp-json\/wp\/v2\/types\/page"}],"author":[{"embeddable":true,"href":"https:\/\/peradejordi.com\/es\/wp-json\/wp\/v2\/users\/9"}],"replies":[{"embeddable":true,"href":"https:\/\/peradejordi.com\/es\/wp-json\/wp\/v2\/comments?post=5957"}],"version-history":[{"count":10,"href":"https:\/\/peradejordi.com\/es\/wp-json\/wp\/v2\/pages\/5957\/revisions"}],"predecessor-version":[{"id":8170,"href":"https:\/\/peradejordi.com\/es\/wp-json\/wp\/v2\/pages\/5957\/revisions\/8170"}],"wp:attachment":[{"href":"https:\/\/peradejordi.com\/es\/wp-json\/wp\/v2\/media?parent=5957"}],"curies":[{"name":"wp","href":"https:\/\/api.w.org\/{rel}","templated":true}]}}