{"id":5174,"date":"2021-04-08T15:16:22","date_gmt":"2021-04-08T15:16:22","guid":{"rendered":"https:\/\/peradejordi.com\/?page_id=5174"},"modified":"2021-04-08T15:22:42","modified_gmt":"2021-04-08T15:22:42","slug":"unidad-movil-para-reconocimientos-medicos-y-pruebas-diagnosticas","status":"publish","type":"page","link":"https:\/\/peradejordi.com\/es\/servicios\/unidad-movil-para-reconocimientos-medicos-y-pruebas-diagnosticas\/","title":{"rendered":"Unidad m\u00f3vil para reconocimientos m\u00e9dicos y pruebas diagn\u00f3sticas"},"content":{"rendered":"","protected":false},"excerpt":{"rendered":"","protected":false},"author":9,"featured_media":0,"parent":9,"menu_order":0,"comment_status":"closed","ping_status":"closed","template":"","meta":{"_monsterinsights_skip_tracking":false,"_monsterinsights_sitenote_active":false,"_monsterinsights_sitenote_note":"","_monsterinsights_sitenote_category":0,"_joinchat":[],"footnotes":""},"class_list":["post-5174","page","type-page","status-publish","hentry"],"_links":{"self":[{"href":"https:\/\/peradejordi.com\/es\/wp-json\/wp\/v2\/pages\/5174","targetHints":{"allow":["GET"]}}],"collection":[{"href":"https:\/\/peradejordi.com\/es\/wp-json\/wp\/v2\/pages"}],"about":[{"href":"https:\/\/peradejordi.com\/es\/wp-json\/wp\/v2\/types\/page"}],"author":[{"embeddable":true,"href":"https:\/\/peradejordi.com\/es\/wp-json\/wp\/v2\/users\/9"}],"replies":[{"embeddable":true,"href":"https:\/\/peradejordi.com\/es\/wp-json\/wp\/v2\/comments?post=5174"}],"version-history":[{"count":3,"href":"https:\/\/peradejordi.com\/es\/wp-json\/wp\/v2\/pages\/5174\/revisions"}],"predecessor-version":[{"id":5178,"href":"https:\/\/peradejordi.com\/es\/wp-json\/wp\/v2\/pages\/5174\/revisions\/5178"}],"up":[{"embeddable":true,"href":"https:\/\/peradejordi.com\/es\/wp-json\/wp\/v2\/pages\/9"}],"wp:attachment":[{"href":"https:\/\/peradejordi.com\/es\/wp-json\/wp\/v2\/media?parent=5174"}],"curies":[{"name":"wp","href":"https:\/\/api.w.org\/{rel}","templated":true}]}}