{"id":203,"date":"2015-12-24T11:11:00","date_gmt":"2015-12-24T11:11:00","guid":{"rendered":"https:\/\/www.peradejordi.com\/?page_id=203"},"modified":"2023-08-01T08:29:28","modified_gmt":"2023-08-01T08:29:28","slug":"peradejordi","status":"publish","type":"page","link":"https:\/\/peradejordi.com\/es\/peradejordi\/","title":{"rendered":"Sobre nosotros"},"content":{"rendered":"<div class=\"wpb-content-wrapper\"><p>[vc_row css=\u00bb.vc_custom_1484151327220{padding-top: 80px !important;padding-bottom: 40px !important;}\u00bb][vc_column][vc_column_text]Nuestro objetivo prioritario es reducir el riesgo y la siniestralidad laboral mediante un <strong>servicio integral y personalizado<\/strong> adaptado a las necesidades del cliente. Ello comporta importantes beneficios econ\u00f3micos a nuestros clientes.<\/p>\n<p>Peradejordi est\u00e1 a la vanguardia de las t\u00e9cnicas de seguridad y como<strong> consultor\u00eda t\u00e9cnica<\/strong> ofrecemos un producto integral que nos permite estar capacitados para abarcar los distintos campos de la ingenier\u00eda, elaboraci\u00f3n de estudios y proyectos, t\u00e9cnicos, prevenci\u00f3n de riesgos, autoprotecci\u00f3n, seguridad industrial, certificaciones, salud, formaci\u00f3n t\u00e9cnica laboral e investigaci\u00f3n de siniestros.<\/p>\n<p>Nuestro <strong>equipo humano<\/strong> dispone de ingenieros, qu\u00edmicos, bi\u00f3logos, arquitectos t\u00e9cnicos, m\u00e9dicos, psic\u00f3logos, fisioterapeutas, t\u00e9cnicos competentes en planes de autoprotecci\u00f3n, t\u00e9cnicos superiores de prevenci\u00f3n de riesgos, etc. Todo ello complementado con un instrumental de \u00faltima generaci\u00f3n.<\/p>\n<p>As\u00ed mismo, Peradejordi es una entidad <strong>acreditada\u00a0por la Autoridad Laboral<\/strong> para actuar dentro del \u00e1mbito nacional\u00a0como Servicio de Prevenci\u00f3n Ajeno\u00a0(Acreditaci\u00f3n Definitiva N\u00ba SP-066-B) en las especialidades de Seguridad en el Trabajo, Higiene Industrial, Ergonom\u00eda y Psicosociolog\u00eda Aplicada y Medicina del Trabajo.<\/p>\n<p>La constante innovaci\u00f3n de la empresa nos permite usar herramientas inform\u00e1ticas capaces de gestionar la seguridad de una manera mucho m\u00e1s pr\u00e1ctica y asequible para <strong>facilitar las acciones del cliente<\/strong>.[\/vc_column_text][\/vc_column][\/vc_row][vc_row][vc_column][vc_custom_heading text=\u00bbPartners\u00bb font_container=\u00bbtag:h2|text_align:center\u00bb use_theme_fonts=\u00bbyes\u00bb][\/vc_column][\/vc_row][vc_row css=\u00bb.vc_custom_1484151623761{padding-top: 40px !important;padding-bottom: 80px !important;}\u00bb][vc_column width=\u00bb1\/2&#8243;][vc_row_inner][vc_column_inner width=\u00bb1\/2&#8243;][vc_single_image image=\u00bb322&#8243; img_size=\u00bbmedium\u00bb alignment=\u00bbcenter\u00bb style=\u00bbvc_box_rounded\u00bb onclick=\u00bbcustom_link\u00bb img_link_target=\u00bb_blank\u00bb css_animation=\u00bbtop-to-bottom\u00bb link=\u00bbhttps:\/\/www.abpsiniestros.com\/\u00bb][\/vc_column_inner][vc_column_inner width=\u00bb1\/2&#8243;][vc_column_text]<strong>ABP Investigaci\u00f3n de Siniestros<\/strong><\/p>\n<p><a href=\"https:\/\/www.abpsiniestros.com\/\" target=\"_blank\" rel=\"noopener\">ABP<\/a> es una empresa especializada y referente en el sector cuya actividad principal consiste en la investigaci\u00f3n del origen y causas de incendios y explosiones en diferentes escenarios.[\/vc_column_text][\/vc_column_inner][\/vc_row_inner][vc_row_inner][vc_column_inner width=\u00bb1\/2&#8243;][vc_single_image image=\u00bb323&#8243; img_size=\u00bbmedium\u00bb alignment=\u00bbcenter\u00bb style=\u00bbvc_box_rounded\u00bb onclick=\u00bbcustom_link\u00bb img_link_target=\u00bb_blank\u00bb css_animation=\u00bbtop-to-bottom\u00bb link=\u00bbhttp:\/\/www.asprecat.org\/es\/\u00bb][\/vc_column_inner][vc_column_inner width=\u00bb1\/2&#8243;][vc_column_text]<strong>Asprecat<\/strong><\/p>\n<p>La Associaci\u00f3 Catalana d\u2019Entitats Preventives Acreditades (<a href=\"http:\/\/www.asprecat.org\/es\/\" target=\"_blank\" rel=\"noopener\">ASPRECAT<\/a>) es la asociaci\u00f3n m\u00e1s representativa de los Servicios de Prevenci\u00f3n Ajenos y Entidades Auditoras en el \u00e1mbito de Catalu\u00f1a.[\/vc_column_text][\/vc_column_inner][\/vc_row_inner][vc_row_inner][vc_column_inner width=\u00bb1\/2&#8243;][vc_single_image image=\u00bb6980&#8243; img_size=\u00bbmedium\u00bb alignment=\u00bbcenter\u00bb style=\u00bbvc_box_rounded\u00bb onclick=\u00bbcustom_link\u00bb img_link_target=\u00bb_blank\u00bb css_animation=\u00bbtop-to-bottom\u00bb link=\u00bbhttps:\/\/www.uab.cat\/web\/prevencion-y-seguridad-integral-1345725657402.html\u00bb][\/vc_column_inner][vc_column_inner width=\u00bb1\/2&#8243;][vc_column_text]<strong>Escuela de Prevenci\u00f3n y Seguridad Integral de la UAB<\/strong><\/p>\n<p>La <a href=\"https:\/\/www.uab.cat\/web\/prevencion-y-seguridad-integral-1345725657402.html\" target=\"_blank\" rel=\"noopener\">Escuela de Prevenci\u00f3n y Seguridad Integral (EPSI)<\/a>, adscrita en la Universitat Aut\u00f2noma de Barcelona y ubicada en el campus de Bellaterra, ofrece estudios universitarios en el \u00e1mbito de la prevenci\u00f3n y la seguridad integral.[\/vc_column_text][\/vc_column_inner][\/vc_row_inner][vc_row_inner][vc_column_inner width=\u00bb1\/2&#8243;][vc_single_image image=\u00bb7003&#8243; img_size=\u00bbmedium\u00bb onclick=\u00bbcustom_link\u00bb img_link_target=\u00bb_blank\u00bb css_animation=\u00bbtop-to-bottom\u00bb link=\u00bbhttps:\/\/www.tecnocampus.cat\/es\/\u00bb][\/vc_column_inner][vc_column_inner width=\u00bb1\/2&#8243;][vc_column_text]<strong>Tecnocampus Matar\u00f3-Maresme<\/strong><\/p>\n<p>La Fundaci\u00f3n <a href=\"https:\/\/www.tecnocampus.cat\/es\/\" target=\"_blank\" rel=\"noopener\">TecnoCampus Matar\u00f3-Maresme<\/a> es la entidad p\u00fablica encargada de gestionar el parque tecnol\u00f3gico y universitario TecnoCampus. Promovida por el Ayuntamiento de Matar\u00f3, es una fundaci\u00f3n de derecho privado con vocaci\u00f3n de servicio p\u00fablico en la educaci\u00f3n y desarrollo empresarial.[\/vc_column_text][\/vc_column_inner][\/vc_row_inner][\/vc_column][vc_column width=\u00bb1\/2&#8243;][vc_row_inner][vc_column_inner width=\u00bb1\/2&#8243;][vc_single_image image=\u00bb6989&#8243; img_size=\u00bbmedium\u00bb alignment=\u00bbcenter\u00bb style=\u00bbvc_box_rounded\u00bb onclick=\u00bbcustom_link\u00bb img_link_target=\u00bb_blank\u00bb css_animation=\u00bbtop-to-bottom\u00bb link=\u00bbhttps:\/\/clusterincendis.com\/es\/\u00bb][\/vc_column_inner][vc_column_inner width=\u00bb1\/2&#8243;][vc_column_text]<strong>Cl\u00faster de Seguridad contra Incendios<\/strong><\/p>\n<p>El <a href=\"https:\/\/clusterincendis.com\/es\/\" target=\"_blank\" rel=\"noopener\">Cl\u00faster de Seguridad contra Incendios de Catalu\u00f1a (CLUSIC)<\/a> es una Entidad que nace por la iniciativa de empresas especializadas en seguridad contra incendios con la voluntad de cooperar para aumentar su competitividad mediante la internacionalizaci\u00f3n, la investigaci\u00f3n y el desarrollo de proyectos conjuntos.[\/vc_column_text][\/vc_column_inner][\/vc_row_inner][vc_row_inner][vc_column_inner width=\u00bb1\/2&#8243;][vc_single_image image=\u00bb6963&#8243; img_size=\u00bbmedium\u00bb alignment=\u00bbcenter\u00bb style=\u00bbvc_box_rounded\u00bb onclick=\u00bbcustom_link\u00bb img_link_target=\u00bb_blank\u00bb css_animation=\u00bbtop-to-bottom\u00bb link=\u00bbhttps:\/\/nem.cat\/\u00bb][\/vc_column_inner][vc_column_inner width=\u00bb1\/2&#8243;][vc_column_text]<strong>NEM \u2013 Negoci Empresa Matar\u00f3<\/strong><\/p>\n<p><a href=\"https:\/\/nem.cat\/\" target=\"_blank\" rel=\"noopener\">NEM \u2013 Negoci Empresa Matar\u00f3<\/a> es la entidad asociativa territorial que agrupa a empresas de: comercio, restauraci\u00f3n, servicios&#8230; Y mantiene como principales objetivos, la organizaci\u00f3n de iniciativas y actividades encaminadas a la promoci\u00f3n empresarial del sector y la dinamizaci\u00f3n comercial de esa ciudad.[\/vc_column_text][\/vc_column_inner][\/vc_row_inner][vc_row_inner][vc_column_inner width=\u00bb1\/2&#8243;][vc_single_image image=\u00bb7018&#8243; img_size=\u00bbmedium\u00bb alignment=\u00bbcenter\u00bb style=\u00bbvc_box_rounded\u00bb onclick=\u00bbcustom_link\u00bb img_link_target=\u00bb_blank\u00bb css_animation=\u00bbtop-to-bottom\u00bb link=\u00bbhttps:\/\/www.pymelegal.es\/\u00bb][\/vc_column_inner][vc_column_inner width=\u00bb1\/2&#8243;][vc_column_text]<strong>PymeLegal<\/strong><\/p>\n<p><a href=\"https:\/\/www.pymelegal.es\/\" target=\"_blank\" rel=\"noopener\">PymeLegal<\/a> es una consultora especializada en protecci\u00f3n de datos y propiedad intelectual. Son un multidisciplinar integrado por abogados expertos en privacidad e ingenieros, con amplia experiencia en este \u00e1mbito y formados en despachos de reconocido prestigio. Ofrecen distintas modalidades de servicio adaptadas a las necesidades de cada cliente.[\/vc_column_text][\/vc_column_inner][\/vc_row_inner][\/vc_column][\/vc_row]<\/p>\n<\/div>","protected":false},"excerpt":{"rendered":"<p>[vc_row css=\u00bb.vc_custom_1484151327220{padding-top: 80px !important;padding-bottom: 40px !important;}\u00bb][vc_column][vc_column_text]Nuestro objetivo prioritario es reducir el riesgo y la siniestralidad laboral mediante un servicio integral y personalizado adaptado a las necesidades<span class=\"excerpt-hellip\"> [\u2026]<\/span><\/p>\n","protected":false},"author":9,"featured_media":0,"parent":0,"menu_order":3,"comment_status":"closed","ping_status":"closed","template":"","meta":{"_monsterinsights_skip_tracking":false,"_monsterinsights_sitenote_active":false,"_monsterinsights_sitenote_note":"","_monsterinsights_sitenote_category":0,"_joinchat":[],"footnotes":""},"class_list":["post-203","page","type-page","status-publish","hentry"],"_links":{"self":[{"href":"https:\/\/peradejordi.com\/es\/wp-json\/wp\/v2\/pages\/203","targetHints":{"allow":["GET"]}}],"collection":[{"href":"https:\/\/peradejordi.com\/es\/wp-json\/wp\/v2\/pages"}],"about":[{"href":"https:\/\/peradejordi.com\/es\/wp-json\/wp\/v2\/types\/page"}],"author":[{"embeddable":true,"href":"https:\/\/peradejordi.com\/es\/wp-json\/wp\/v2\/users\/9"}],"replies":[{"embeddable":true,"href":"https:\/\/peradejordi.com\/es\/wp-json\/wp\/v2\/comments?post=203"}],"version-history":[{"count":49,"href":"https:\/\/peradejordi.com\/es\/wp-json\/wp\/v2\/pages\/203\/revisions"}],"predecessor-version":[{"id":7024,"href":"https:\/\/peradejordi.com\/es\/wp-json\/wp\/v2\/pages\/203\/revisions\/7024"}],"wp:attachment":[{"href":"https:\/\/peradejordi.com\/es\/wp-json\/wp\/v2\/media?parent=203"}],"curies":[{"name":"wp","href":"https:\/\/api.w.org\/{rel}","templated":true}]}}