{"id":2,"date":"2015-10-15T11:06:56","date_gmt":"2015-10-15T11:06:56","guid":{"rendered":"https:\/\/www.peradejordi.com\/?page_id=2"},"modified":"2026-03-19T07:43:23","modified_gmt":"2026-03-19T07:43:23","slug":"inicio","status":"publish","type":"page","link":"https:\/\/peradejordi.com\/es\/","title":{"rendered":"Inicio"},"content":{"rendered":"","protected":false},"excerpt":{"rendered":"<p>Desde Peradejordi ofrecemos un servicio integral en prevenci\u00f3n basado en la seguridad y la salud para la industria, servicios, construcci\u00f3n y todas las actividades en general.<br \/>\nM\u00e1s de veinticinco a\u00f1os de experiencia en el sector de la prevenci\u00f3n en toda clase de actividades nos permiten ofrecer l\u00edneas de soluciones personalizadas a nuestros clientes.<\/p>\n<p>Como consultor\u00eda t\u00e9cnica y servicio de prevenci\u00f3n ajeno ofrecemos un producto integral que nos permite estar capacitados para abarcar diferentes campos, como proyectos t\u00e9cnicos de ingenier\u00eda, prevenci\u00f3n de riesgos, seguridad industrial, salud y formaci\u00f3n t\u00e9cnica laboral.<\/p>\n","protected":false},"author":9,"featured_media":0,"parent":0,"menu_order":0,"comment_status":"closed","ping_status":"closed","template":"","meta":{"_monsterinsights_skip_tracking":false,"_monsterinsights_sitenote_active":false,"_monsterinsights_sitenote_note":"","_monsterinsights_sitenote_category":0,"_joinchat":[],"footnotes":""},"class_list":["post-2","page","type-page","status-publish","hentry"],"_links":{"self":[{"href":"https:\/\/peradejordi.com\/es\/wp-json\/wp\/v2\/pages\/2","targetHints":{"allow":["GET"]}}],"collection":[{"href":"https:\/\/peradejordi.com\/es\/wp-json\/wp\/v2\/pages"}],"about":[{"href":"https:\/\/peradejordi.com\/es\/wp-json\/wp\/v2\/types\/page"}],"author":[{"embeddable":true,"href":"https:\/\/peradejordi.com\/es\/wp-json\/wp\/v2\/users\/9"}],"replies":[{"embeddable":true,"href":"https:\/\/peradejordi.com\/es\/wp-json\/wp\/v2\/comments?post=2"}],"version-history":[{"count":14,"href":"https:\/\/peradejordi.com\/es\/wp-json\/wp\/v2\/pages\/2\/revisions"}],"predecessor-version":[{"id":6018,"href":"https:\/\/peradejordi.com\/es\/wp-json\/wp\/v2\/pages\/2\/revisions\/6018"}],"wp:attachment":[{"href":"https:\/\/peradejordi.com\/es\/wp-json\/wp\/v2\/media?parent=2"}],"curies":[{"name":"wp","href":"https:\/\/api.w.org\/{rel}","templated":true}]}}